{"id":1059,"date":"2025-06-01T14:19:40","date_gmt":"2025-06-01T10:49:40","guid":{"rendered":"https:\/\/www.shahramkarimi.com\/?page_id=1059"},"modified":"2025-08-04T19:49:23","modified_gmt":"2025-08-04T16:19:23","slug":"a-propos","status":"publish","type":"page","link":"https:\/\/www.shahramkarimi.com\/?page_id=1059&lang=fr","title":{"rendered":"\u00c0 propos"},"content":{"rendered":"\t\t<div data-elementor-type=\"wp-page\" data-elementor-id=\"1059\" class=\"elementor elementor-1059 elementor-51\" data-elementor-post-type=\"page\">\n\t\t\t\t<div class=\"elementor-element elementor-element-dc0ebeb e-flex e-con-boxed wpr-particle-no wpr-jarallax-no wpr-parallax-no wpr-sticky-section-no e-con e-parent\" data-id=\"dc0ebeb\" data-element_type=\"container\">\n\t\t\t\t\t<div class=\"e-con-inner\">\n\t\t<div class=\"elementor-element elementor-element-959fc6c e-con-full e-flex wpr-particle-no wpr-jarallax-no wpr-parallax-no wpr-sticky-section-no e-con e-child\" data-id=\"959fc6c\" data-element_type=\"container\">\n\t\t\t\t<div class=\"elementor-element elementor-element-85baf27 elementor-widget elementor-widget-heading\" data-id=\"85baf27\" data-element_type=\"widget\" data-widget_type=\"heading.default\">\n\t\t\t\t<div class=\"elementor-widget-container\">\n\t\t\t\t\t<h2 class=\"elementor-heading-title elementor-size-default\">Shahram KARIMI<\/h2>\t\t\t\t<\/div>\n\t\t\t\t<\/div>\n\t\t\t\t<div class=\"elementor-element elementor-element-8942880 elementor-widget elementor-widget-text-editor\" data-id=\"8942880\" data-element_type=\"widget\" data-widget_type=\"text-editor.default\">\n\t\t\t\t<div class=\"elementor-widget-container\">\n\t\t\t\t\t\t\t\t\t<div dir=\"ltr\">\n<p>Shahram Karimi (n\u00e9 en 1957) est un artiste contemporain postmoderne et exp\u00e9rimental, actif dans les domaines de la peinture, du design, de l&#8217;installation, des arts multim\u00e9dias et de la sc\u00e9nographie pour le cin\u00e9ma. Son langage artistique s\u2019inspire des cultures apparemment oppos\u00e9es de l\u2019Orient et de l\u2019Occident, qui trouvent dans son \u0153uvre une expression universelle.<\/p>\n<p>N\u00e9 \u00e0 Chiraz, Karimi a \u00e9t\u00e9 immerg\u00e9 d\u00e8s son jeune \u00e2ge dans l\u2019atmosph\u00e8re culturelle de la ville, d\u00e9couvrant tr\u00e8s t\u00f4t la peinture, le cin\u00e9ma, la po\u00e9sie et la litt\u00e9rature. Jeune adulte, il s\u2019est install\u00e9 \u00e0 T\u00e9h\u00e9ran o\u00f9 il a \u00e9tudi\u00e9 les arts \u00e0 l\u2019Universit\u00e9 des Arts D\u00e9coratifs. \u00c0 la suite de la R\u00e9volution culturelle, il a \u00e9t\u00e9 contraint de quitter l\u2019universit\u00e9 et a poursuivi la peinture en tant qu\u2019artiste autodidacte. En 1987, Karimi a \u00e9migr\u00e9 en Allemagne, o\u00f9 il s\u2019est familiaris\u00e9 avec les r\u00e9alisations visuelles des artistes occidentaux.<\/p>\n<\/div>\n\t\t\t\t\t\t\t\t<\/div>\n\t\t\t\t<\/div>\n\t\t\t\t<\/div>\n\t\t<div class=\"elementor-element elementor-element-c762d0e e-con-full e-flex wpr-particle-no wpr-jarallax-no wpr-parallax-no wpr-sticky-section-no e-con e-child\" data-id=\"c762d0e\" data-element_type=\"container\">\n\t\t<div class=\"elementor-element elementor-element-46cb264 e-con-full e-flex wpr-particle-no wpr-jarallax-no wpr-parallax-no wpr-sticky-section-no e-con e-child\" data-id=\"46cb264\" data-element_type=\"container\">\n\t\t\t\t<div class=\"elementor-element elementor-element-f5a1fb8 elementor-widget elementor-widget-image\" data-id=\"f5a1fb8\" data-element_type=\"widget\" data-widget_type=\"image.default\">\n\t\t\t\t<div class=\"elementor-widget-container\">\n\t\t\t\t\t\t\t\t\t\t\t\t\t\t\t<img fetchpriority=\"high\" decoding=\"async\" width=\"300\" height=\"300\" src=\"https:\/\/www.shahramkarimi.com\/wp-content\/uploads\/2025\/06\/shahram-124.jpg\" class=\"attachment-medium size-medium wp-image-385\" alt=\"\" \/>\t\t\t\t\t\t\t\t\t\t\t\t\t\t\t<\/div>\n\t\t\t\t<\/div>\n\t\t\t\t<\/div>\n\t\t\t\t<\/div>\n\t\t\t\t\t<\/div>\n\t\t\t\t<\/div>\n\t\t<div class=\"elementor-element elementor-element-520cce6 e-flex e-con-boxed wpr-particle-no wpr-jarallax-no wpr-parallax-no wpr-sticky-section-no e-con e-parent\" data-id=\"520cce6\" data-element_type=\"container\">\n\t\t\t\t\t<div class=\"e-con-inner\">\n\t\t<div class=\"elementor-element elementor-element-9771de0 e-con-full e-flex wpr-particle-no wpr-jarallax-no wpr-parallax-no wpr-sticky-section-no e-con e-child\" data-id=\"9771de0\" data-element_type=\"container\">\n\t\t\t\t<div class=\"elementor-element elementor-element-749175d elementor-widget elementor-widget-text-editor\" data-id=\"749175d\" data-element_type=\"widget\" data-widget_type=\"text-editor.default\">\n\t\t\t\t<div class=\"elementor-widget-container\">\n\t\t\t\t\t\t\t\t\t<div dir=\"ltr\">\n<p>Le travail de Shahram Karimi s\u2019inspire \u00e0 la fois de l\u2019h\u00e9ritage culturel et po\u00e9tique iranien et de l\u2019art moderne occidental. Son style unique fusionne ces deux mondes. Contrairement \u00e0 de nombreux artistes iraniens contemporains, Karimi s\u2019est quelque peu \u00e9loign\u00e9 du courant traditionaliste. Il \u00e9vite les \u00e9l\u00e9ments symboliques fr\u00e9quemment utilis\u00e9s dans l\u2019art moderniste iranien, tels que la calligraphie, les motifs traditionnels ou les r\u00e9f\u00e9rences visuelles \u00e0 la miniature persane. N\u00e9anmoins, il reste profond\u00e9ment enracin\u00e9 dans sa culture iranienne : la po\u00e9sie, le mysticisme oriental et la tradition continuent \u00e0 nourrir sa vision artistique.<\/p>\n<p>Karimi a pr\u00e9sent\u00e9 de nombreuses expositions personnelles dans des lieux internationaux majeurs, notamment au mus\u00e9e de Siegburg et \u00e0 la Maison de l\u2019Art \u00e0 Troisdorf (Allemagne), \u00e0 la Galerie Brigitte Schenk (Cologne), \u00e0 la Galerie Leila Heller (New York), ainsi qu\u2019en Iran au Forum des artistes iraniens, \u00e0 la Galerie Etemad (T\u00e9h\u00e9ran) et \u00e0 la Galerie Vesal (Shiraz). Il a \u00e9galement particip\u00e9 \u00e0 la 8e Biennale d&#8217;Istanbul de peinture.<\/p>\n<p>En 2008, le livre <em>\u201cShahram Karimi: Contemporary Artists of Iran\u201d<\/em> a \u00e9t\u00e9 publi\u00e9 par les \u00e9ditions Nozhat, pr\u00e9sentant une s\u00e9lection de ses \u0153uvres accompagn\u00e9es d\u2019un portrait de l\u2019artiste.<\/p>\n<p>En plus de la peinture, de l\u2019installation et de la vid\u00e9o, Shahram Karimi a travaill\u00e9 comme directeur artistique au cin\u00e9ma, en collaborant avec des artistes tels que Shirin Neshat et Shoja Azari. Parmi les films auxquels il a contribu\u00e9 figurent : <em>\u201cThe White Meadows\u201d<\/em> de Mohammad Rasoulof, <em>\u201cWomen Without Men\u201d<\/em> de Shirin Neshat, <em>\u201cDesert Dancer\u201d<\/em> de Richard Raymond, <em>\u201cThe Passage\u201d<\/em> de Shoja Azari, entre autres. Dans les ann\u00e9es 2000, Karimi a re\u00e7u le Lion d\u2019Or et le Prix Sp\u00e9cial du Jury au Festival international du film de Duba\u00ef pour sa direction artistique. Dans les ann\u00e9es 1990, il a \u00e9galement remport\u00e9 le premier prix du \u201cPrix d\u2019Art\u201d de Rhein-Sieg.<\/p>\n<p>Ses premi\u00e8res \u0153uvres se caract\u00e9risent souvent par des portraits et des figures humaines juxtapos\u00e9es \u00e0 des \u00e9l\u00e9ments naturels comme les plantes ou les paysages. Ses \u0153uvres r\u00e9centes combinent peinture de paysage et art vid\u00e9o, offrant des visions anim\u00e9es de la nature. Parmi ses \u0153uvres marquantes de cette p\u00e9riode figurent : <em>\u201cDreamscape\u201d<\/em>, <em>\u201cBlue Serenity\u201d<\/em>, <em>\u201cMisty Mountains\u201d<\/em>, <em>\u201cYellow Calm\u201d<\/em> et <em>\u201cThe Poet\u2019s House\u201d<\/em>, qui ont \u00e9t\u00e9 expos\u00e9es dans diverses expositions individuelles et collectives, et vendues aux ench\u00e8res \u00e0 T\u00e9h\u00e9ran, chez Van Ham, et chez Phillips \u00e0 Londres.<\/p>\n<p>Sa derni\u00e8re exposition personnelle, organis\u00e9e en 2020 par la Galerie Golestan \u00e0 T\u00e9h\u00e9ran, a \u00e9t\u00e9 pr\u00e9sent\u00e9e en ligne. Ses \u0153uvres ont \u00e9galement \u00e9t\u00e9 expos\u00e9es dans des foires artistiques majeures telles que Art Duba\u00ef, Art Cologne, Contemporary Istanbul, et Abu Dhabi Art.<\/p>\n<\/div>\n\t\t\t\t\t\t\t\t<\/div>\n\t\t\t\t<\/div>\n\t\t\t\t<\/div>\n\t\t\t\t\t<\/div>\n\t\t\t\t<\/div>\n\t\t\t\t<\/div>\n\t\t","protected":false},"excerpt":{"rendered":"<p>Shahram KARIMI Shahram Karimi (n\u00e9 en 1957) est un artiste contemporain postmoderne et exp\u00e9rimental, actif dans les domaines de la peinture, du design, de l&#8217;installation, des arts multim\u00e9dias et de la sc\u00e9nographie pour le cin\u00e9ma. Son langage artistique s\u2019inspire des cultures apparemment oppos\u00e9es de l\u2019Orient et de l\u2019Occident, qui trouvent dans son \u0153uvre une expression universelle. N\u00e9 \u00e0 Chiraz, Karimi a \u00e9t\u00e9 immerg\u00e9 d\u00e8s son jeune \u00e2ge dans l\u2019atmosph\u00e8re culturelle de la ville, d\u00e9couvrant tr\u00e8s t\u00f4t la peinture, le cin\u00e9ma, la po\u00e9sie et la litt\u00e9rature. Jeune adulte, il s\u2019est install\u00e9 \u00e0 T\u00e9h\u00e9ran o\u00f9 il a \u00e9tudi\u00e9 les arts \u00e0 l\u2019Universit\u00e9 des Arts D\u00e9coratifs. \u00c0 la suite de la R\u00e9volution culturelle, il a \u00e9t\u00e9 contraint de quitter l\u2019universit\u00e9 et a poursuivi la peinture en tant qu\u2019artiste autodidacte. En 1987, Karimi a \u00e9migr\u00e9 en Allemagne, o\u00f9 il s\u2019est familiaris\u00e9 avec les r\u00e9alisations visuelles des artistes occidentaux. Le travail de Shahram Karimi s\u2019inspire \u00e0 la fois de l\u2019h\u00e9ritage culturel et po\u00e9tique iranien et de l\u2019art moderne occidental. Son style unique fusionne ces deux mondes. Contrairement \u00e0 de nombreux artistes iraniens contemporains, Karimi s\u2019est quelque peu \u00e9loign\u00e9 du courant traditionaliste. Il \u00e9vite les \u00e9l\u00e9ments symboliques fr\u00e9quemment utilis\u00e9s dans l\u2019art moderniste iranien, tels que la calligraphie, les motifs traditionnels ou les r\u00e9f\u00e9rences visuelles \u00e0 la miniature persane. N\u00e9anmoins, il reste profond\u00e9ment enracin\u00e9 dans sa culture iranienne : la po\u00e9sie, le mysticisme oriental et la tradition continuent \u00e0 nourrir sa vision artistique. Karimi a pr\u00e9sent\u00e9 de nombreuses expositions personnelles dans des lieux internationaux majeurs, notamment au mus\u00e9e de Siegburg et \u00e0 la Maison de l\u2019Art \u00e0 Troisdorf (Allemagne), \u00e0 la Galerie Brigitte Schenk (Cologne), \u00e0 la Galerie Leila Heller (New York), ainsi qu\u2019en Iran au Forum des artistes iraniens, \u00e0 la Galerie Etemad (T\u00e9h\u00e9ran) et \u00e0 la Galerie Vesal (Shiraz). Il a \u00e9galement particip\u00e9 \u00e0 la 8e Biennale d&#8217;Istanbul de peinture. En 2008, le livre \u201cShahram Karimi: Contemporary Artists of Iran\u201d a \u00e9t\u00e9 publi\u00e9 par les \u00e9ditions Nozhat, pr\u00e9sentant une s\u00e9lection de ses \u0153uvres accompagn\u00e9es d\u2019un portrait de l\u2019artiste. En plus de la peinture, de l\u2019installation et de la vid\u00e9o, Shahram Karimi a travaill\u00e9 comme directeur artistique au cin\u00e9ma, en collaborant avec des artistes tels que Shirin Neshat et Shoja Azari. Parmi les films auxquels il a contribu\u00e9 figurent : \u201cThe White Meadows\u201d de Mohammad Rasoulof, \u201cWomen Without Men\u201d de Shirin Neshat, \u201cDesert Dancer\u201d de Richard Raymond, \u201cThe Passage\u201d de Shoja Azari, entre autres. Dans les ann\u00e9es 2000, Karimi a re\u00e7u le Lion d\u2019Or et le Prix Sp\u00e9cial du Jury au Festival international du film de Duba\u00ef pour sa direction artistique. Dans les ann\u00e9es 1990, il a \u00e9galement remport\u00e9 le premier prix du \u201cPrix d\u2019Art\u201d de Rhein-Sieg. Ses premi\u00e8res \u0153uvres se caract\u00e9risent souvent par des portraits et des figures humaines juxtapos\u00e9es \u00e0 des \u00e9l\u00e9ments naturels comme les plantes ou les paysages. Ses \u0153uvres r\u00e9centes combinent peinture de paysage et art vid\u00e9o, offrant des visions anim\u00e9es de la nature. Parmi ses \u0153uvres marquantes de cette p\u00e9riode figurent : \u201cDreamscape\u201d, \u201cBlue Serenity\u201d, \u201cMisty Mountains\u201d, \u201cYellow Calm\u201d et \u201cThe Poet\u2019s House\u201d, qui ont \u00e9t\u00e9 expos\u00e9es dans diverses expositions individuelles et collectives, et vendues aux ench\u00e8res \u00e0 T\u00e9h\u00e9ran, chez Van Ham, et chez Phillips \u00e0 Londres. Sa derni\u00e8re exposition personnelle, organis\u00e9e en 2020 par la Galerie Golestan \u00e0 T\u00e9h\u00e9ran, a \u00e9t\u00e9 pr\u00e9sent\u00e9e en ligne. Ses \u0153uvres ont \u00e9galement \u00e9t\u00e9 expos\u00e9es dans des foires artistiques majeures telles que Art Duba\u00ef, Art Cologne, Contemporary Istanbul, et Abu Dhabi Art.<\/p>\n","protected":false},"author":1,"featured_media":0,"parent":0,"menu_order":0,"comment_status":"closed","ping_status":"closed","template":"","meta":{"footnotes":""},"class_list":["post-1059","page","type-page","status-publish","hentry"],"_links":{"self":[{"href":"https:\/\/www.shahramkarimi.com\/index.php?rest_route=\/wp\/v2\/pages\/1059","targetHints":{"allow":["GET"]}}],"collection":[{"href":"https:\/\/www.shahramkarimi.com\/index.php?rest_route=\/wp\/v2\/pages"}],"about":[{"href":"https:\/\/www.shahramkarimi.com\/index.php?rest_route=\/wp\/v2\/types\/page"}],"author":[{"embeddable":true,"href":"https:\/\/www.shahramkarimi.com\/index.php?rest_route=\/wp\/v2\/users\/1"}],"replies":[{"embeddable":true,"href":"https:\/\/www.shahramkarimi.com\/index.php?rest_route=%2Fwp%2Fv2%2Fcomments&post=1059"}],"version-history":[{"count":1,"href":"https:\/\/www.shahramkarimi.com\/index.php?rest_route=\/wp\/v2\/pages\/1059\/revisions"}],"predecessor-version":[{"id":1060,"href":"https:\/\/www.shahramkarimi.com\/index.php?rest_route=\/wp\/v2\/pages\/1059\/revisions\/1060"}],"wp:attachment":[{"href":"https:\/\/www.shahramkarimi.com\/index.php?rest_route=%2Fwp%2Fv2%2Fmedia&parent=1059"}],"curies":[{"name":"wp","href":"https:\/\/api.w.org\/{rel}","templated":true}]}}