{"id":1092,"date":"2025-06-01T14:17:54","date_gmt":"2025-06-01T10:47:54","guid":{"rendered":"https:\/\/www.shahramkarimi.com\/?page_id=1092"},"modified":"2025-08-04T20:30:11","modified_gmt":"2025-08-04T17:00:11","slug":"kritiker","status":"publish","type":"page","link":"https:\/\/www.shahramkarimi.com\/?page_id=1092&lang=de","title":{"rendered":"Kritiker"},"content":{"rendered":"\t\t<div data-elementor-type=\"wp-page\" data-elementor-id=\"1092\" class=\"elementor elementor-1092 elementor-36\" data-elementor-post-type=\"page\">\n\t\t\t\t<div class=\"elementor-element elementor-element-eb73757 e-flex e-con-boxed wpr-particle-no wpr-jarallax-no wpr-parallax-no wpr-sticky-section-no e-con e-parent\" data-id=\"eb73757\" data-element_type=\"container\">\n\t\t\t\t\t<div class=\"e-con-inner\">\n\t\t\t\t<div class=\"elementor-element elementor-element-56b31fa elementor-widget elementor-widget-eael-adv-accordion\" data-id=\"56b31fa\" data-element_type=\"widget\" data-widget_type=\"eael-adv-accordion.default\">\n\t\t\t\t<div class=\"elementor-widget-container\">\n\t\t\t\t\t        <div class=\"eael-adv-accordion\" id=\"eael-adv-accordion-56b31fa\" data-scroll-on-click=\"no\" data-scroll-speed=\"300\" data-accordion-id=\"56b31fa\" data-accordion-type=\"accordion\" data-toogle-speed=\"300\">\n    <div class=\"eael-accordion-list\">\n                <div id=\"shirin-neshat-ber-die-werke-von-shahram-karimi\" class=\"elementor-tab-title eael-accordion-header\" tabindex=\"0\" data-tab=\"1\" aria-controls=\"elementor-tab-content-9091\"><span class=\"eael-advanced-accordion-icon-closed\"><svg aria-hidden=\"true\" class=\"fa-accordion-icon e-font-icon-svg e-fas-plus\" viewBox=\"0 0 448 512\" xmlns=\"http:\/\/www.w3.org\/2000\/svg\"><path d=\"M416 208H272V64c0-17.67-14.33-32-32-32h-32c-17.67 0-32 14.33-32 32v144H32c-17.67 0-32 14.33-32 32v32c0 17.67 14.33 32 32 32h144v144c0 17.67 14.33 32 32 32h32c17.67 0 32-14.33 32-32V304h144c17.67 0 32-14.33 32-32v-32c0-17.67-14.33-32-32-32z\"><\/path><\/svg><\/span><span class=\"eael-advanced-accordion-icon-opened\"><svg aria-hidden=\"true\" class=\"fa-accordion-icon e-font-icon-svg e-fas-minus\" viewBox=\"0 0 448 512\" xmlns=\"http:\/\/www.w3.org\/2000\/svg\"><path d=\"M416 208H32c-17.67 0-32 14.33-32 32v32c0 17.67 14.33 32 32 32h384c17.67 0 32-14.33 32-32v-32c0-17.67-14.33-32-32-32z\"><\/path><\/svg><\/span><span class=\"eael-accordion-tab-title\">Shirin Neshat \u00fcber die Werke von Shahram Karimi<\/span><svg aria-hidden=\"true\" class=\"fa-toggle e-font-icon-svg e-fas-angle-right\" viewBox=\"0 0 256 512\" xmlns=\"http:\/\/www.w3.org\/2000\/svg\"><path d=\"M224.3 273l-136 136c-9.4 9.4-24.6 9.4-33.9 0l-22.6-22.6c-9.4-9.4-9.4-24.6 0-33.9l96.4-96.4-96.4-96.4c-9.4-9.4-9.4-24.6 0-33.9L54.3 103c9.4-9.4 24.6-9.4 33.9 0l136 136c9.5 9.4 9.5 24.6.1 34z\"><\/path><\/svg><\/div><div id=\"elementor-tab-content-9091\" class=\"eael-accordion-content clearfix\" data-tab=\"1\" aria-labelledby=\"shirin-neshat-ber-die-werke-von-shahram-karimi\"><p>\n\u201eIn einer \u00c4ra, in der der Globalismus zu einem integralen Bestandteil der Erfahrung des postmodernen Menschen geworden ist, repr\u00e4sentiert der in Iran geborene K\u00fcnstler Shahram Karimi, der in Deutschland lebt, wahrhaftig solche transkulturellen Str\u00f6mungen und Realit\u00e4ten im Kontext der zeitgen\u00f6ssischen Kunst. Seine Bestrebungen sind zugleich in seiner pers\u00f6nlichen kulturellen Geschichte verwurzelt, wie etwa den traditionellen persischen Miniaturmalereien, seinem sp\u00e4teren Leben im Exil und seiner Auseinandersetzung mit der Geschichte der abstrakten, minimalistischen und konzeptuellen Kunst des Westens. Karimi hat eine einzigartige Form gefunden, die beide Aspekte scheinbar verschiedener Kulturen in einer k\u00fcnstlerischen Sprache verbindet, die die Grenzen solcher Lokalit\u00e4ten \u00fcberschreitet. Karimis Gem\u00e4lde folgen den gleichen Prinzipien wie die klassischen persischen Miniaturmalereien, vor allem hinsichtlich des Fehlens von Perspektive. Die Verwendung narrativer Elemente und das Einf\u00fcgen von Texten \u00fcber Bildern sowie seine minimalistische Abstraktion visueller Ikonografie verbinden ihn mit der westlichen Kunst.<br \/>\n<br \/>\nDie Poesie spielt eine wichtige Rolle in Karimis kreativem Vokabular. Er baut auf der reichen Tradition der Poesie auf, die als der vitalste Aspekt der iranischen Kultur anerkannt ist. Als Dichter integriert er auf beispiellose Weise verbale und visuelle Metaphern in parallelen Formen, um unterschiedliche Emotionen hervorzurufen und auszudr\u00fccken.<br \/>\n<br \/>\n<strong>Shirin Neshat<\/strong>\n<\/p>\n<p><\/p>\n<\/div>\n                <\/div><\/div>\t\t\t\t<\/div>\n\t\t\t\t<\/div>\n\t\t\t\t\t<\/div>\n\t\t\t\t<\/div>\n\t\t\t\t<\/div>\n\t\t","protected":false},"excerpt":{"rendered":"<p>Shirin Neshat \u00fcber die Werke von Shahram Karimi \u201eIn einer \u00c4ra, in der der Globalismus zu einem integralen Bestandteil der Erfahrung des postmodernen Menschen geworden ist, repr\u00e4sentiert der in Iran geborene K\u00fcnstler Shahram Karimi, der in Deutschland lebt, wahrhaftig solche transkulturellen Str\u00f6mungen und Realit\u00e4ten im Kontext der zeitgen\u00f6ssischen Kunst. Seine Bestrebungen sind zugleich in seiner pers\u00f6nlichen kulturellen Geschichte verwurzelt, wie etwa den traditionellen persischen Miniaturmalereien, seinem sp\u00e4teren Leben im Exil und seiner Auseinandersetzung mit der Geschichte der abstrakten, minimalistischen und konzeptuellen Kunst des Westens. Karimi hat eine einzigartige Form gefunden, die beide Aspekte scheinbar verschiedener Kulturen in einer k\u00fcnstlerischen Sprache verbindet, die die Grenzen solcher Lokalit\u00e4ten \u00fcberschreitet. Karimis Gem\u00e4lde folgen den gleichen Prinzipien wie die klassischen persischen Miniaturmalereien, vor allem hinsichtlich des Fehlens von Perspektive. Die Verwendung narrativer Elemente und das Einf\u00fcgen von Texten \u00fcber Bildern sowie seine minimalistische Abstraktion visueller Ikonografie verbinden ihn mit der westlichen Kunst. Die Poesie spielt eine wichtige Rolle in Karimis kreativem Vokabular. Er baut auf der reichen Tradition der Poesie auf, die als der vitalste Aspekt der iranischen Kultur anerkannt ist. Als Dichter integriert er auf beispiellose Weise verbale und visuelle Metaphern in parallelen Formen, um unterschiedliche Emotionen hervorzurufen und auszudr\u00fccken. Shirin Neshat<\/p>\n","protected":false},"author":1,"featured_media":0,"parent":0,"menu_order":0,"comment_status":"closed","ping_status":"closed","template":"","meta":{"footnotes":""},"class_list":["post-1092","page","type-page","status-publish","hentry"],"_links":{"self":[{"href":"https:\/\/www.shahramkarimi.com\/index.php?rest_route=\/wp\/v2\/pages\/1092","targetHints":{"allow":["GET"]}}],"collection":[{"href":"https:\/\/www.shahramkarimi.com\/index.php?rest_route=\/wp\/v2\/pages"}],"about":[{"href":"https:\/\/www.shahramkarimi.com\/index.php?rest_route=\/wp\/v2\/types\/page"}],"author":[{"embeddable":true,"href":"https:\/\/www.shahramkarimi.com\/index.php?rest_route=\/wp\/v2\/users\/1"}],"replies":[{"embeddable":true,"href":"https:\/\/www.shahramkarimi.com\/index.php?rest_route=%2Fwp%2Fv2%2Fcomments&post=1092"}],"version-history":[{"count":1,"href":"https:\/\/www.shahramkarimi.com\/index.php?rest_route=\/wp\/v2\/pages\/1092\/revisions"}],"predecessor-version":[{"id":1093,"href":"https:\/\/www.shahramkarimi.com\/index.php?rest_route=\/wp\/v2\/pages\/1092\/revisions\/1093"}],"wp:attachment":[{"href":"https:\/\/www.shahramkarimi.com\/index.php?rest_route=%2Fwp%2Fv2%2Fmedia&parent=1092"}],"curies":[{"name":"wp","href":"https:\/\/api.w.org\/{rel}","templated":true}]}}